{"id":6,"date":"2011-05-14T20:44:58","date_gmt":"2011-05-14T20:44:58","guid":{"rendered":"http:\/\/blog.it-admin.sk\/?page_id=6"},"modified":"2019-11-15T19:38:10","modified_gmt":"2019-11-15T18:38:10","slug":"o-mne","status":"publish","type":"page","link":"https:\/\/blog.it-admin.sk\/en\/o-mne\/","title":{"rendered":"O mne"},"content":{"rendered":"<p>Nikdy neviem, ako za\u010da\u0165. Ani teraz. Ale mus\u00edm sa v\u00e1m nejako predstavi\u0165.<a href=\"http:\/\/blog.it-admin.sk\/wp-content\/uploads\/2011\/05\/259001_2143951920275_1290547213_32565810_4457950_o.jpg\"><img loading=\"lazy\" decoding=\"async\" class=\"size-medium wp-image-89 alignright\" title=\"Profilovka :)\" src=\"http:\/\/blog.it-admin.sk\/wp-content\/uploads\/2011\/05\/259001_2143951920275_1290547213_32565810_4457950_o-300x168.jpg\" alt=\"Profilov\u00e1 fotka\" width=\"300\" height=\"168\" srcset=\"https:\/\/blog.it-admin.sk\/wp-content\/uploads\/2011\/05\/259001_2143951920275_1290547213_32565810_4457950_o-300x168.jpg 300w, https:\/\/blog.it-admin.sk\/wp-content\/uploads\/2011\/05\/259001_2143951920275_1290547213_32565810_4457950_o-1024x576.jpg 1024w, https:\/\/blog.it-admin.sk\/wp-content\/uploads\/2011\/05\/259001_2143951920275_1290547213_32565810_4457950_o.jpg 2048w\" sizes=\"auto, (max-width: 300px) 100vw, 300px\" \/><\/a><\/p>\n<p>Vol\u00e1m sa Luk\u00e1\u0161 Sta\u0148a, v dobe p\u00edsania tohto odstavca m\u00e1m 32 rokov. Preva\u017ene ma \u017eiv\u00ed pr\u00e1ca senior admina pre <a title=\"RUPKKI, s.r.o.\" href=\"http:\/\/rupkki.sk\" target=\"_blank\" rel=\"noopener noreferrer\">RUPKKI, s.r.o.<\/a> Popri tom spravujem webhosting <a title=\"iNFOSK.sk\" href=\"http:\/\/infosk.sk\" target=\"_blank\" rel=\"noopener noreferrer\">hosting iNFOSK.sk<\/a> a pracujem na \u010fal\u0161\u00edch s\u00fakromn\u00fdch projektoch.<\/p>\n<p>M\u00e1m r\u00e1d Linux, Python, Django, networking a v\u0161etko okolo toho.<\/p>\n","protected":false},"excerpt":{"rendered":"<p>Nikdy neviem, ako za\u010da\u0165. Ani teraz. Ale mus\u00edm sa v\u00e1m nejako predstavi\u0165. Vol\u00e1m sa Luk\u00e1\u0161 Sta\u0148a, v dobe p\u00edsania tohto odstavca m\u00e1m 32 rokov. Preva\u017ene ma \u017eiv\u00ed pr\u00e1ca senior admina pre RUPKKI, s.r.o. Popri tom spravujem webhosting hosting iNFOSK.sk a pracujem na \u010fal\u0161\u00edch s\u00fakromn\u00fdch projektoch. M\u00e1m r\u00e1d Linux, Python, Django, &#8230;<\/p>\n","protected":false},"author":1,"featured_media":0,"parent":0,"menu_order":0,"comment_status":"closed","ping_status":"open","template":"","meta":{"footnotes":""},"class_list":["post-6","page","type-page","status-publish","hentry"],"aioseo_notices":[],"_links":{"self":[{"href":"https:\/\/blog.it-admin.sk\/en\/wp-json\/wp\/v2\/pages\/6","targetHints":{"allow":["GET"]}}],"collection":[{"href":"https:\/\/blog.it-admin.sk\/en\/wp-json\/wp\/v2\/pages"}],"about":[{"href":"https:\/\/blog.it-admin.sk\/en\/wp-json\/wp\/v2\/types\/page"}],"author":[{"embeddable":true,"href":"https:\/\/blog.it-admin.sk\/en\/wp-json\/wp\/v2\/users\/1"}],"replies":[{"embeddable":true,"href":"https:\/\/blog.it-admin.sk\/en\/wp-json\/wp\/v2\/comments?post=6"}],"version-history":[{"count":21,"href":"https:\/\/blog.it-admin.sk\/en\/wp-json\/wp\/v2\/pages\/6\/revisions"}],"predecessor-version":[{"id":362,"href":"https:\/\/blog.it-admin.sk\/en\/wp-json\/wp\/v2\/pages\/6\/revisions\/362"}],"wp:attachment":[{"href":"https:\/\/blog.it-admin.sk\/en\/wp-json\/wp\/v2\/media?parent=6"}],"curies":[{"name":"wp","href":"https:\/\/api.w.org\/{rel}","templated":true}]}}